{"id":71,"date":"2022-08-15T20:56:58","date_gmt":"2022-08-15T20:56:58","guid":{"rendered":"https:\/\/wossew.com.tr\/?page_id=71"},"modified":"2024-01-18T13:26:42","modified_gmt":"2024-01-18T13:26:42","slug":"hakkimizda","status":"publish","type":"page","link":"https:\/\/wossew.com.tr\/en\/hakkimizda\/","title":{"rendered":"About Us"},"content":{"rendered":"<div class=\"wpb-content-wrapper\"><div data-vc-full-width=\"true\" data-vc-full-width-init=\"false\" class=\"vc_row wpb_row vc_row-fluid vc_row-o-content-middle vc_row-flex wd-rs-62fab3270d761\"><div class=\"wpb_column vc_column_container vc_col-sm-4\"><div class=\"vc_column-inner\"><div class=\"wpb_wrapper\">\n\t<div  class=\"wpb_single_image wpb_content_element vc_align_left\">\n\t\t\n\t\t<figure class=\"wpb_wrapper vc_figure\">\n\t\t\t<div class=\"vc_single_image-wrapper   vc_box_border_grey\"><img loading=\"lazy\" decoding=\"async\" width=\"1575\" height=\"1050\" src=\"https:\/\/wossew.com.tr\/wp-content\/uploads\/2024\/01\/ruby-koltuk-takimi-16.jpg\" class=\"vc_single_image-img attachment-full\" alt=\"\" title=\"ruby-koltuk-takimi (16)\" srcset=\"https:\/\/wossew.com.tr\/wp-content\/uploads\/2024\/01\/ruby-koltuk-takimi-16.jpg 1575w, https:\/\/wossew.com.tr\/wp-content\/uploads\/2024\/01\/ruby-koltuk-takimi-16-300x200.jpg 300w, https:\/\/wossew.com.tr\/wp-content\/uploads\/2024\/01\/ruby-koltuk-takimi-16-1024x683.jpg 1024w, https:\/\/wossew.com.tr\/wp-content\/uploads\/2024\/01\/ruby-koltuk-takimi-16-768x512.jpg 768w, https:\/\/wossew.com.tr\/wp-content\/uploads\/2024\/01\/ruby-koltuk-takimi-16-1536x1024.jpg 1536w, https:\/\/wossew.com.tr\/wp-content\/uploads\/2024\/01\/ruby-koltuk-takimi-16-18x12.jpg 18w, https:\/\/wossew.com.tr\/wp-content\/uploads\/2024\/01\/ruby-koltuk-takimi-16-1200x800.jpg 1200w, https:\/\/wossew.com.tr\/wp-content\/uploads\/2024\/01\/ruby-koltuk-takimi-16-600x400.jpg 600w, https:\/\/wossew.com.tr\/wp-content\/uploads\/2024\/01\/ruby-koltuk-takimi-16-200x133.jpg 200w\" sizes=\"auto, (max-width: 1575px) 100vw, 1575px\" \/><\/div>\n\t\t<\/figure>\n\t<\/div>\n<\/div><\/div><\/div><div class=\"wpb_column vc_column_container vc_col-sm-8\"><div class=\"vc_column-inner\"><div class=\"wpb_wrapper\">\n\t<div class=\"wpb_text_column wpb_content_element\" >\n\t\t<div class=\"wpb_wrapper\">\n\t\t\t<div class=\"tile\">About Us<\/div>\n<div class=\"text\">\n<p>Wossew olarak, m\u00fc\u015fteri memnuniyetini her zaman \u00f6n planda tutuyoruz. Profesyonel m\u00fc\u015fteri hizmetleri ekibimiz, her t\u00fcrl\u00fc soru ve taleplerinizi yan\u0131tlamak i\u00e7in sizlere yard\u0131mc\u0131 olacakt\u0131r. Hem yurt i\u00e7inde hem yurt d\u0131\u015f\u0131nda her ge\u00e7en g\u00fcn daha da b\u00fcy\u00fcyen Wossew firmas\u0131 olarak, \u00fclkemizi yurt i\u00e7inde de yurt d\u0131\u015f\u0131nda da en g\u00fczel \u015fekilde temsil etmeye \u00e7al\u0131\u015f\u0131yoruz.<\/p>\n<p>Ev veya i\u015f mek\u00e2n\u0131n\u0131z i\u00e7in tarz\u0131n\u0131za uygun ve keyif alaca\u011f\u0131n\u0131z mobilyalar\u0131 Wossew ile ke\u015ffedin. Sizlere kaliteli \u00fcr\u00fcnler sunma ve ya\u015fam alanlar\u0131n\u0131z\u0131 d\u00f6n\u00fc\u015ft\u00fcrme konusunda kararl\u0131y\u0131z.<\/p>\n<\/div>\n\n\t\t<\/div>\n\t<\/div>\n<\/div><\/div><\/div><\/div><div class=\"vc_row-full-width vc_clearfix\"><\/div><div class=\"vc_row wpb_row vc_row-fluid vc_row-o-content-middle vc_row-flex wd-rs-62fab32f56a5f\"><div class=\"wpb_column vc_column_container vc_col-sm-8\"><div class=\"vc_column-inner\"><div class=\"wpb_wrapper\">\n\t<div class=\"wpb_text_column wpb_content_element\" >\n\t\t<div class=\"wpb_wrapper\">\n\t\t\t<div class=\"tile\">Our Mission and Vision<\/div>\n<div class=\"text\">\n<p>Wossew Mobilya olarak misyonumuz ve vizyonumuz, m\u00fc\u015fterilerimize ki\u015fiselle\u015ftirilmi\u015f, y\u00fcksek kaliteli ve estetik a\u00e7\u0131dan tatmin edici mobilyalar sunmakt\u0131r. M\u00fc\u015fteri memnuniyetini her zaman \u00f6n planda tutarak, \u00f6zenle se\u00e7ilmi\u015f malzemeler ve uzmanl\u0131kla tasarlanm\u0131\u015f \u00fcr\u00fcnlerimizle fark yaratmay\u0131 ama\u00e7l\u0131yoruz. M\u00fc\u015fterilerimizin beklentilerini a\u015fmak i\u00e7in yarat\u0131c\u0131l\u0131\u011f\u0131 ve m\u00fckemmeliyet\u00e7ili\u011fi bir araya getiriyor, s\u00fcrd\u00fcr\u00fclebilirlik ilkelerine ba\u011fl\u0131 kal\u0131yoruz.<\/p>\n<\/div>\n\n\t\t<\/div>\n\t<\/div>\n<\/div><\/div><\/div><div class=\"wpb_column vc_column_container vc_col-sm-4\"><div class=\"vc_column-inner\"><div class=\"wpb_wrapper\">\n\t<div  class=\"wpb_single_image wpb_content_element vc_align_left\">\n\t\t\n\t\t<figure class=\"wpb_wrapper vc_figure\">\n\t\t\t<div class=\"vc_single_image-wrapper   vc_box_border_grey\"><img loading=\"lazy\" decoding=\"async\" width=\"1575\" height=\"1050\" src=\"https:\/\/wossew.com.tr\/wp-content\/uploads\/2024\/01\/tina-koltuk-takimi-5.jpg\" class=\"vc_single_image-img attachment-full\" alt=\"\" title=\"tina-koltuk-takimi (5)\" srcset=\"https:\/\/wossew.com.tr\/wp-content\/uploads\/2024\/01\/tina-koltuk-takimi-5.jpg 1575w, https:\/\/wossew.com.tr\/wp-content\/uploads\/2024\/01\/tina-koltuk-takimi-5-300x200.jpg 300w, https:\/\/wossew.com.tr\/wp-content\/uploads\/2024\/01\/tina-koltuk-takimi-5-1024x683.jpg 1024w, https:\/\/wossew.com.tr\/wp-content\/uploads\/2024\/01\/tina-koltuk-takimi-5-768x512.jpg 768w, https:\/\/wossew.com.tr\/wp-content\/uploads\/2024\/01\/tina-koltuk-takimi-5-1536x1024.jpg 1536w, https:\/\/wossew.com.tr\/wp-content\/uploads\/2024\/01\/tina-koltuk-takimi-5-18x12.jpg 18w, https:\/\/wossew.com.tr\/wp-content\/uploads\/2024\/01\/tina-koltuk-takimi-5-1200x800.jpg 1200w, https:\/\/wossew.com.tr\/wp-content\/uploads\/2024\/01\/tina-koltuk-takimi-5-600x400.jpg 600w, https:\/\/wossew.com.tr\/wp-content\/uploads\/2024\/01\/tina-koltuk-takimi-5-200x133.jpg 200w\" sizes=\"auto, (max-width: 1575px) 100vw, 1575px\" \/><\/div>\n\t\t<\/figure>\n\t<\/div>\n<\/div><\/div><\/div><\/div><div class=\"vc_row wpb_row vc_row-fluid\"><div class=\"wpb_column vc_column_container vc_col-sm-12\"><div class=\"vc_column-inner\"><div class=\"wpb_wrapper\">\n\t<div  class=\"wpb_single_image wpb_content_element vc_align_center vc_custom_1705583904387\">\n\t\t\n\t\t<figure class=\"wpb_wrapper vc_figure\">\n\t\t\t<div class=\"vc_single_image-wrapper   vc_box_border_grey\"><img loading=\"lazy\" decoding=\"async\" width=\"1326\" height=\"722\" src=\"https:\/\/wossew.com.tr\/wp-content\/uploads\/2024\/01\/wossew-hakkimizda.png\" class=\"vc_single_image-img attachment-full\" alt=\"\" title=\"wossew-hakkimizda\" srcset=\"https:\/\/wossew.com.tr\/wp-content\/uploads\/2024\/01\/wossew-hakkimizda.png 1326w, https:\/\/wossew.com.tr\/wp-content\/uploads\/2024\/01\/wossew-hakkimizda-300x163.png 300w, https:\/\/wossew.com.tr\/wp-content\/uploads\/2024\/01\/wossew-hakkimizda-1024x558.png 1024w, https:\/\/wossew.com.tr\/wp-content\/uploads\/2024\/01\/wossew-hakkimizda-768x418.png 768w, https:\/\/wossew.com.tr\/wp-content\/uploads\/2024\/01\/wossew-hakkimizda-18x10.png 18w, https:\/\/wossew.com.tr\/wp-content\/uploads\/2024\/01\/wossew-hakkimizda-200x109.png 200w\" sizes=\"auto, (max-width: 1326px) 100vw, 1326px\" \/><\/div>\n\t\t<\/figure>\n\t<\/div>\n<\/div><\/div><\/div><\/div>\n<\/div>","protected":false},"excerpt":{"rendered":"Hakk\u0131m\u0131zda Wossew olarak, m\u00fc\u015fteri memnuniyetini her zaman \u00f6n planda tutuyoruz. Profesyonel m\u00fc\u015fteri hizmetleri ekibimiz, her t\u00fcrl\u00fc soru ve taleplerinizi yan\u0131tlamak","protected":false},"author":1,"featured_media":0,"parent":0,"menu_order":0,"comment_status":"closed","ping_status":"closed","template":"","meta":{"footnotes":""},"class_list":["post-71","page","type-page","status-publish","hentry"],"_links":{"self":[{"href":"https:\/\/wossew.com.tr\/en\/wp-json\/wp\/v2\/pages\/71","targetHints":{"allow":["GET"]}}],"collection":[{"href":"https:\/\/wossew.com.tr\/en\/wp-json\/wp\/v2\/pages"}],"about":[{"href":"https:\/\/wossew.com.tr\/en\/wp-json\/wp\/v2\/types\/page"}],"author":[{"embeddable":true,"href":"https:\/\/wossew.com.tr\/en\/wp-json\/wp\/v2\/users\/1"}],"replies":[{"embeddable":true,"href":"https:\/\/wossew.com.tr\/en\/wp-json\/wp\/v2\/comments?post=71"}],"version-history":[{"count":6,"href":"https:\/\/wossew.com.tr\/en\/wp-json\/wp\/v2\/pages\/71\/revisions"}],"predecessor-version":[{"id":1373,"href":"https:\/\/wossew.com.tr\/en\/wp-json\/wp\/v2\/pages\/71\/revisions\/1373"}],"wp:attachment":[{"href":"https:\/\/wossew.com.tr\/en\/wp-json\/wp\/v2\/media?parent=71"}],"curies":[{"name":"wp","href":"https:\/\/api.w.org\/{rel}","templated":true}]}}