{"id":1401,"date":"2024-02-09T13:18:38","date_gmt":"2024-02-09T13:18:38","guid":{"rendered":"https:\/\/wossew.com.tr\/?post_type=product&#038;p=1401"},"modified":"2026-04-04T22:40:00","modified_gmt":"2026-04-04T22:40:00","slug":"milan-kose-koltuk-takimi","status":"publish","type":"product","link":"https:\/\/wossew.com.tr\/en\/product\/milan-kose-koltuk-takimi\/","title":{"rendered":"Milan K\u00f6\u015fe Koltuk Tak\u0131m\u0131"},"content":{"rendered":"","protected":false},"excerpt":{"rendered":"","protected":false},"featured_media":1402,"comment_status":"open","ping_status":"closed","template":"","meta":[],"product_brand":[],"product_cat":[26],"product_tag":[],"class_list":{"0":"post-1401","1":"product","2":"type-product","3":"status-publish","4":"has-post-thumbnail","6":"product_cat-kose-takimi","8":"first","9":"instock","10":"shipping-taxable","11":"product-type-simple"},"_links":{"self":[{"href":"https:\/\/wossew.com.tr\/en\/wp-json\/wp\/v2\/product\/1401","targetHints":{"allow":["GET"]}}],"collection":[{"href":"https:\/\/wossew.com.tr\/en\/wp-json\/wp\/v2\/product"}],"about":[{"href":"https:\/\/wossew.com.tr\/en\/wp-json\/wp\/v2\/types\/product"}],"replies":[{"embeddable":true,"href":"https:\/\/wossew.com.tr\/en\/wp-json\/wp\/v2\/comments?post=1401"}],"wp:featuredmedia":[{"embeddable":true,"href":"https:\/\/wossew.com.tr\/en\/wp-json\/wp\/v2\/media\/1402"}],"wp:attachment":[{"href":"https:\/\/wossew.com.tr\/en\/wp-json\/wp\/v2\/media?parent=1401"}],"wp:term":[{"taxonomy":"product_brand","embeddable":true,"href":"https:\/\/wossew.com.tr\/en\/wp-json\/wp\/v2\/product_brand?post=1401"},{"taxonomy":"product_cat","embeddable":true,"href":"https:\/\/wossew.com.tr\/en\/wp-json\/wp\/v2\/product_cat?post=1401"},{"taxonomy":"product_tag","embeddable":true,"href":"https:\/\/wossew.com.tr\/en\/wp-json\/wp\/v2\/product_tag?post=1401"}],"curies":[{"name":"wp","href":"https:\/\/api.w.org\/{rel}","templated":true}]}}